{"id":627,"date":"2020-12-28T20:07:13","date_gmt":"2020-12-28T23:07:13","guid":{"rendered":"https:\/\/pensecre.org\/?post_type=product&#038;p=627"},"modified":"2025-05-31T20:03:05","modified_gmt":"2025-05-31T23:03:05","slug":"planta-cacto-orelha-de-mickey","status":"publish","type":"product","link":"https:\/\/pensecre.org\/en\/product\/planta-cacto-orelha-de-mickey\/","title":{"rendered":"Orelha de Mickey"},"content":{"rendered":"<p>O cacto Orelha de Mickey \u00e9 da fam\u00edlia das Cactaceae, de origem mexicana, conhecido cientificamente por Opuntia Microdasys Rufida, um tipo de suculenta que armazena \u00e1gua e cacto porque tem espinhos. Tamb\u00e9m conhecido como orelha de coelho, Cinnamon Bunny (Coelho canela), palma brava, o cacto orelha de Mickey lembra as orelhas do Mickey e cresce aumentando as \u201corelhas\u201d de forma aleat\u00f3ria.<\/p>\n<p>Um tipo mais raro de cacto a esp\u00e9cie Rufina tem os pelos ou tufinhos de espinhos amarronzados\/avermelhados ou castanhos que embora pare\u00e7am inofensivos tem espinhos quase invis\u00edveis que causam dor se penetrar a pele.<\/p>\n<p>As flores s\u00e3o amarelas com p\u00e9talas transl\u00facidas, miolo verde e pistilos ao redor do miolo creme ou amarelinho claro.<\/p>","protected":false},"excerpt":{"rendered":"<p>O cacto Orelha de Mickey \u00e9 da fam\u00edlia das Cactaceae, de origem mexicana, conhecido cientificamente por Opuntia Microdasys Rufida, um tipo de suculenta que armazena \u00e1gua e cacto porque tem espinhos. Tamb\u00e9m conhecido como orelha de coelho, Cinnamon Bunny (Coelho canela), palma brava, o cacto orelha de Mickey lembra as orelhas do Mickey e cresce [&hellip;]<\/p>\n","protected":false},"featured_media":668,"comment_status":"open","ping_status":"closed","template":"","meta":{"_acf_changed":false,"_et_pb_use_builder":"","_et_pb_old_content":"","_et_gb_content_width":""},"product_brand":[],"product_cat":[38,43,44],"product_tag":[39,41,47,40],"class_list":{"0":"post-627","1":"product","2":"type-product","3":"status-publish","4":"has-post-thumbnail","6":"product_cat-cacto","7":"product_cat-planta","8":"product_cat-suculenta","9":"product_tag-com-vaso","10":"product_tag-interior","11":"product_tag-muito-sol","12":"product_tag-pequena","14":"first","15":"instock","16":"shipping-taxable","17":"purchasable","18":"product-type-simple"},"acf":[],"jetpack-related-posts":[],"jetpack_sharing_enabled":true,"_links":{"self":[{"href":"https:\/\/pensecre.org\/en\/wp-json\/wp\/v2\/product\/627","targetHints":{"allow":["GET"]}}],"collection":[{"href":"https:\/\/pensecre.org\/en\/wp-json\/wp\/v2\/product"}],"about":[{"href":"https:\/\/pensecre.org\/en\/wp-json\/wp\/v2\/types\/product"}],"replies":[{"embeddable":true,"href":"https:\/\/pensecre.org\/en\/wp-json\/wp\/v2\/comments?post=627"}],"wp:featuredmedia":[{"embeddable":true,"href":"https:\/\/pensecre.org\/en\/wp-json\/wp\/v2\/media\/668"}],"wp:attachment":[{"href":"https:\/\/pensecre.org\/en\/wp-json\/wp\/v2\/media?parent=627"}],"wp:term":[{"taxonomy":"product_brand","embeddable":true,"href":"https:\/\/pensecre.org\/en\/wp-json\/wp\/v2\/product_brand?post=627"},{"taxonomy":"product_cat","embeddable":true,"href":"https:\/\/pensecre.org\/en\/wp-json\/wp\/v2\/product_cat?post=627"},{"taxonomy":"product_tag","embeddable":true,"href":"https:\/\/pensecre.org\/en\/wp-json\/wp\/v2\/product_tag?post=627"}],"curies":[{"name":"wp","href":"https:\/\/api.w.org\/{rel}","templated":true}]}}