{"id":649,"date":"2020-12-29T19:30:01","date_gmt":"2020-12-29T22:30:01","guid":{"rendered":"https:\/\/pensecre.org\/?post_type=product&#038;p=649"},"modified":"2024-03-10T13:08:23","modified_gmt":"2024-03-10T16:08:23","slug":"planta-cacto-dedal-medio","status":"publish","type":"product","link":"https:\/\/pensecre.org\/en\/product\/planta-cacto-dedal-medio\/","title":{"rendered":"Cacto Dedal"},"content":{"rendered":"<p>O Cacto Dedal \u00e9 uma esp\u00e9cie suculenta, compacta, origin\u00e1ria do M\u00e9xico e da Am\u00e9rica Central, conhecido cientificamente por Mammillaria Gracilis. Os espinhos n\u00e3o s\u00e3o perigosos, e permitem que se toque a planta sem se machucar. No topo crescem espinhos mais longos e de cor marrom.<\/p>\n<p>Os brotos laterais se espalham sobre o solo e a uni\u00e3o com o caule principal \u00e9 extremamente fr\u00e1gil, e se desmonta. Portanto \u00e9 importante ter muito cuidado ao manusear a planta. No ver\u00e3o e outono produz pequenas flores de cor amarelo clara.<\/p>\n<p>De crescimento lento, o cacto-dedal \u00e9 bastante valorizado por colecionadores. Apesar de n\u00e3o ser raro, \u00e9 dif\u00edcil encontrar plantas grandes, unidas, uma vez que devido a fragilidade, esse cacto se separa facilmente.<\/p>\n<p>Deve ser cultivado sob sol pleno ou meia sombra. Irrigue com pouca frequ\u00eancia, molhando completamente o substrato e esperando que seque completamente entre as regas. Cultive em vasos rasos, sem pratinho e preferencialmente de pl\u00e1stico, para facilitar a drenagem. Pode ser cultivado dentro de casa, desde que pr\u00f3ximo a uma janela que receba luz direta do sol.<\/p>","protected":false},"excerpt":{"rendered":"<p>O Cacto Dedal \u00e9 uma esp\u00e9cie suculenta, compacta, origin\u00e1ria do M\u00e9xico e da Am\u00e9rica Central, conhecido cientificamente por Mammillaria Gracilis. Os espinhos n\u00e3o s\u00e3o perigosos, e permitem que se toque a planta sem se machucar. No topo crescem espinhos mais longos e de cor marrom. Os brotos laterais se espalham sobre o solo e a [&hellip;]<\/p>\n","protected":false},"featured_media":659,"comment_status":"open","ping_status":"closed","template":"","meta":{"_acf_changed":false,"_et_pb_use_builder":"","_et_pb_old_content":"","_et_gb_content_width":""},"product_brand":[],"product_cat":[38,43,44],"product_tag":[39,45,41,47,40,48],"class_list":{"0":"post-649","1":"product","2":"type-product","3":"status-publish","4":"has-post-thumbnail","6":"product_cat-cacto","7":"product_cat-planta","8":"product_cat-suculenta","9":"product_tag-com-vaso","10":"product_tag-exterior","11":"product_tag-interior","12":"product_tag-muito-sol","13":"product_tag-pequena","14":"product_tag-pouca-rega","16":"first","17":"instock","18":"shipping-taxable","19":"purchasable","20":"product-type-simple"},"acf":[],"jetpack-related-posts":[],"jetpack_sharing_enabled":true,"_links":{"self":[{"href":"https:\/\/pensecre.org\/en\/wp-json\/wp\/v2\/product\/649","targetHints":{"allow":["GET"]}}],"collection":[{"href":"https:\/\/pensecre.org\/en\/wp-json\/wp\/v2\/product"}],"about":[{"href":"https:\/\/pensecre.org\/en\/wp-json\/wp\/v2\/types\/product"}],"replies":[{"embeddable":true,"href":"https:\/\/pensecre.org\/en\/wp-json\/wp\/v2\/comments?post=649"}],"wp:featuredmedia":[{"embeddable":true,"href":"https:\/\/pensecre.org\/en\/wp-json\/wp\/v2\/media\/659"}],"wp:attachment":[{"href":"https:\/\/pensecre.org\/en\/wp-json\/wp\/v2\/media?parent=649"}],"wp:term":[{"taxonomy":"product_brand","embeddable":true,"href":"https:\/\/pensecre.org\/en\/wp-json\/wp\/v2\/product_brand?post=649"},{"taxonomy":"product_cat","embeddable":true,"href":"https:\/\/pensecre.org\/en\/wp-json\/wp\/v2\/product_cat?post=649"},{"taxonomy":"product_tag","embeddable":true,"href":"https:\/\/pensecre.org\/en\/wp-json\/wp\/v2\/product_tag?post=649"}],"curies":[{"name":"wp","href":"https:\/\/api.w.org\/{rel}","templated":true}]}}