{"id":651,"date":"2020-12-29T20:29:38","date_gmt":"2020-12-29T23:29:38","guid":{"rendered":"https:\/\/pensecre.org\/?post_type=product&#038;p=651"},"modified":"2024-03-03T01:46:40","modified_gmt":"2024-03-03T04:46:40","slug":"planta-cacto-de-mamilo-texano","status":"publish","type":"product","link":"https:\/\/pensecre.org\/en\/product\/planta-cacto-de-mamilo-texano\/","title":{"rendered":"Cacto de Mamilo Texano"},"content":{"rendered":"<p>O Cacto de Mamilo Texano, de origem mexicana e norte-americana, conhecido cientificamente por Mammillaria Prolifera, um tipo de suculenta que armazena \u00e1gua e cacto porque tem espinhos.<\/p>\n<p>\u00c9 um cacto de muito f\u00e1cil cultivo, que se propaga com facilidade formando como se fossem moitas de at\u00e9 40cm de di\u00e2metro. S\u00e3o cactos globulosos ou at\u00e9 mesmo cil\u00edndricos de at\u00e9 30cm de altura, e 40cm de di\u00e2metro. Possui muitas cerdas e espinhos amarelos ou brancos.<\/p>\n<p>Como outros mini cactos pode ser cultivado em ambientes internos, mas se perceber que seus \u00e1pices est\u00e3o crescendo muito afinados, est\u00e1 faltando luminosidade e \u00e9 indicado trocar para um local mais iluminado. Se ele receber algumas horas de sol di\u00e1rias floresce com facilidade v\u00e1rias vezes ao ano, flores amarelas e produz muitos brotos laterais.<\/p>\n<p>A medida que o vaso ficar completo com muitos brotos laterais podemos transplantar para um vaso um pouco maior, e assim surgem novas mudas.<\/p>","protected":false},"excerpt":{"rendered":"<p>O Cacto de Mamilo Texano, de origem mexicana e norte-americana, conhecido cientificamente por Mammillaria Prolifera, um tipo de suculenta que armazena \u00e1gua e cacto porque tem espinhos. \u00c9 um cacto de muito f\u00e1cil cultivo, que se propaga com facilidade formando como se fossem moitas de at\u00e9 40cm de di\u00e2metro. S\u00e3o cactos globulosos ou at\u00e9 mesmo [&hellip;]<\/p>\n","protected":false},"featured_media":658,"comment_status":"open","ping_status":"closed","template":"","meta":{"_acf_changed":false,"_et_pb_use_builder":"","_et_pb_old_content":"","_et_gb_content_width":""},"product_brand":[],"product_cat":[38,43,44],"product_tag":[39,41,47,40,48],"class_list":{"0":"post-651","1":"product","2":"type-product","3":"status-publish","4":"has-post-thumbnail","6":"product_cat-cacto","7":"product_cat-planta","8":"product_cat-suculenta","9":"product_tag-com-vaso","10":"product_tag-interior","11":"product_tag-muito-sol","12":"product_tag-pequena","13":"product_tag-pouca-rega","15":"first","16":"instock","17":"shipping-taxable","18":"purchasable","19":"product-type-simple"},"acf":[],"jetpack-related-posts":[],"jetpack_sharing_enabled":true,"_links":{"self":[{"href":"https:\/\/pensecre.org\/en\/wp-json\/wp\/v2\/product\/651","targetHints":{"allow":["GET"]}}],"collection":[{"href":"https:\/\/pensecre.org\/en\/wp-json\/wp\/v2\/product"}],"about":[{"href":"https:\/\/pensecre.org\/en\/wp-json\/wp\/v2\/types\/product"}],"replies":[{"embeddable":true,"href":"https:\/\/pensecre.org\/en\/wp-json\/wp\/v2\/comments?post=651"}],"wp:featuredmedia":[{"embeddable":true,"href":"https:\/\/pensecre.org\/en\/wp-json\/wp\/v2\/media\/658"}],"wp:attachment":[{"href":"https:\/\/pensecre.org\/en\/wp-json\/wp\/v2\/media?parent=651"}],"wp:term":[{"taxonomy":"product_brand","embeddable":true,"href":"https:\/\/pensecre.org\/en\/wp-json\/wp\/v2\/product_brand?post=651"},{"taxonomy":"product_cat","embeddable":true,"href":"https:\/\/pensecre.org\/en\/wp-json\/wp\/v2\/product_cat?post=651"},{"taxonomy":"product_tag","embeddable":true,"href":"https:\/\/pensecre.org\/en\/wp-json\/wp\/v2\/product_tag?post=651"}],"curies":[{"name":"wp","href":"https:\/\/api.w.org\/{rel}","templated":true}]}}