{"id":653,"date":"2020-12-29T20:45:11","date_gmt":"2020-12-29T23:45:11","guid":{"rendered":"https:\/\/pensecre.org\/?post_type=product&#038;p=653"},"modified":"2025-05-30T17:40:11","modified_gmt":"2025-05-30T20:40:11","slug":"planta-cacto-triangular","status":"publish","type":"product","link":"https:\/\/pensecre.org\/en\/product\/planta-cacto-triangular\/","title":{"rendered":"Cacto Triangular"},"content":{"rendered":"<p>O Cacto Triangular \u00e9 uma esp\u00e9cie suculenta, origin\u00e1rio das Am\u00e9ricas do Norte, Central, e Sul, conhecido cientificamente por Acanthocereus tetragonus. \u00c9 uma esp\u00e9cie colunar, que por vezes se comporta como trepador e outras vezes como arbusto.<\/p>\n<p>Eles n\u00e3o tem folhas. Os espinhos tem entre 1 e 4cm de comprimento cada. As flores s\u00e3o raras de se ver em cultivo. Ele floresce \u00e0 noite, despontando lindas flores brancas a esverdeadas, com o centro alaranjado a vermelho. Nuvens de insetos s\u00e3o atra\u00eddo pelas flores, o que torna ainda mais dif\u00edcil se ver ao natural.<\/p>\n<p>No jardim este cacto \u00e9 muito vers\u00e1til, podendo ter diversas fun\u00e7\u00f5es. A planta original pode ser conduzida como uma trepadeira ornamental, enfeitando p\u00e1tios, varandas, etc. Al\u00e9m disso, forma impenetr\u00e1veis cercas-vivas se cultivadas para esta finalidade, com podas para estimular sua ramifica\u00e7\u00e3o.<\/p>\n<p>De f\u00e1cil cultivo, \u00e9 extremamente r\u00fastica, n\u00e3o precisa regas frequentes ou aduba\u00e7\u00f5es pesadas. Deve ser cultivada sob sol pleno, em solo arenoso, leve e enriquecido com mat\u00e9ria org\u00e2nica. Resistente ao calor e ao frio de at\u00e9 -7\u00b0C. Irrigue a intervalos espa\u00e7ados, n\u00e3o permitindo que a planta fique encharcada.<\/p>\n<p>Se cultivada em vasos, pode se beneficiar da meia sombra, mas recebendo pelo menos 6 horas di\u00e1rias de sol, condi\u00e7\u00e3o esta que encontramos pr\u00f3ximo a uma janela de face norte por exemplo. N\u00e3o coloque a planta em vaso sobre um pratinho, pois a \u00e1gua empo\u00e7ada ser\u00e1 prejudicial.<\/p>","protected":false},"excerpt":{"rendered":"<p>O Cacto Triangular \u00e9 uma esp\u00e9cie suculenta, origin\u00e1rio das Am\u00e9ricas do Norte, Central, e Sul, conhecido cientificamente por Acanthocereus tetragonus. \u00c9 uma esp\u00e9cie colunar, que por vezes se comporta como trepador e outras vezes como arbusto. Eles n\u00e3o tem folhas. Os espinhos tem entre 1 e 4cm de comprimento cada. As flores s\u00e3o raras de [&hellip;]<\/p>\n","protected":false},"featured_media":657,"comment_status":"open","ping_status":"closed","template":"","meta":{"_acf_changed":false,"_et_pb_use_builder":"","_et_pb_old_content":"","_et_gb_content_width":""},"product_brand":[],"product_cat":[38,43,44],"product_tag":[39,45,41,47,40,48],"class_list":{"0":"post-653","1":"product","2":"type-product","3":"status-publish","4":"has-post-thumbnail","6":"product_cat-cacto","7":"product_cat-planta","8":"product_cat-suculenta","9":"product_tag-com-vaso","10":"product_tag-exterior","11":"product_tag-interior","12":"product_tag-muito-sol","13":"product_tag-pequena","14":"product_tag-pouca-rega","16":"first","17":"outofstock","18":"shipping-taxable","19":"purchasable","20":"product-type-simple"},"acf":[],"jetpack-related-posts":[],"jetpack_sharing_enabled":true,"_links":{"self":[{"href":"https:\/\/pensecre.org\/en\/wp-json\/wp\/v2\/product\/653","targetHints":{"allow":["GET"]}}],"collection":[{"href":"https:\/\/pensecre.org\/en\/wp-json\/wp\/v2\/product"}],"about":[{"href":"https:\/\/pensecre.org\/en\/wp-json\/wp\/v2\/types\/product"}],"replies":[{"embeddable":true,"href":"https:\/\/pensecre.org\/en\/wp-json\/wp\/v2\/comments?post=653"}],"wp:featuredmedia":[{"embeddable":true,"href":"https:\/\/pensecre.org\/en\/wp-json\/wp\/v2\/media\/657"}],"wp:attachment":[{"href":"https:\/\/pensecre.org\/en\/wp-json\/wp\/v2\/media?parent=653"}],"wp:term":[{"taxonomy":"product_brand","embeddable":true,"href":"https:\/\/pensecre.org\/en\/wp-json\/wp\/v2\/product_brand?post=653"},{"taxonomy":"product_cat","embeddable":true,"href":"https:\/\/pensecre.org\/en\/wp-json\/wp\/v2\/product_cat?post=653"},{"taxonomy":"product_tag","embeddable":true,"href":"https:\/\/pensecre.org\/en\/wp-json\/wp\/v2\/product_tag?post=653"}],"curies":[{"name":"wp","href":"https:\/\/api.w.org\/{rel}","templated":true}]}}