{"id":654,"date":"2020-12-29T20:47:06","date_gmt":"2020-12-29T23:47:06","guid":{"rendered":"https:\/\/pensecre.org\/?post_type=product&#038;p=654"},"modified":"2021-07-12T14:44:50","modified_gmt":"2021-07-12T17:44:50","slug":"planta-jade-media","status":"publish","type":"product","link":"https:\/\/pensecre.org\/en\/product\/planta-jade-media\/","title":{"rendered":"Planta Jade"},"content":{"rendered":"<p>A Planta Jade \u00e9 uma esp\u00e9cie suculenta, origin\u00e1ria da \u00c1frica do Sul, e regi\u00e3o sul da \u00c1frica, tamb\u00e9m conhecida por, \u00c1rvore da Amizade, \u00c1rvore da Felicidade B\u00e1lsamo-de-jardim, e cientificamente por Crassula Ovata. \u00c9 uma esp\u00e9cie suculenta, perene, com folhagem e flores. Ela \u00e9 uma das suculentas mais f\u00e1ceis de cultivar, tanto para jardineiros iniciantes como para aqueles de final de semana.<\/p>\n<p>De acordo com o Feng Shui ela equilibra as energias do ambiente e das pessoas. Ela pode trazer boas amizades, boa sorte e riquezas. \u00c9 sin\u00f4nimo de Renova\u00e7\u00e3o, Crescimento, Amizade. Bastante usada para felicitar pessoas por vit\u00f3rias e para presentear rec\u00e9m-casados.<\/p>\n<p>Os ramos e o caule s\u00e3o robustos, curtos e retorcidos, dando \u00e0 planta um aspecto visual envelhecido. Sob sol pleno, algumas variedades desenvolvem margens avermelhadas, enquanto outras adquirem tonalidades amarelas, laranjas ou vermelhas em toda a folha.<\/p>\n<p>Floresce no inverno e primavera, com flores estreladas, perfumadas, de cor branca ou rosa. Os frutos que se seguem s\u00e3o do tipo c\u00e1psula, com pequenas sementes.<\/p>\n<p>H\u00e1 diferentes variantes da planta-jade, as mais populares atualmente s\u00e3o a \u2018Gollun\u2019, de folhas modificadas que lembram velas \u2013 alguns poderiam dizer que lembram as orelhas do Shrek, e a \u2018Hobbit\u2019, com folhas curvas e alongadas, semelhantes a orelhas de coelho ou colheres.<\/p>\n<p>Os ramos quebram-se com facilidade. Ela vai bem em ambientes internos ou externos, pois se adapta bem \u00e0 varia\u00e7\u00e3o de luminosidade, mas evite expor muito ao sol, para n\u00e3o provocar queimaduras nas folhas.<\/p>","protected":false},"excerpt":{"rendered":"<p>A Planta Jade \u00e9 uma esp\u00e9cie suculenta, origin\u00e1ria da \u00c1frica do Sul, e regi\u00e3o sul da \u00c1frica, tamb\u00e9m conhecida por, \u00c1rvore da Amizade, \u00c1rvore da Felicidade B\u00e1lsamo-de-jardim, e cientificamente por Crassula Ovata. \u00c9 uma esp\u00e9cie suculenta, perene, com folhagem e flores. Ela \u00e9 uma das suculentas mais f\u00e1ceis de cultivar, tanto para jardineiros iniciantes como [&hellip;]<\/p>\n","protected":false},"featured_media":679,"comment_status":"open","ping_status":"closed","template":"","meta":{"_acf_changed":false,"_et_pb_use_builder":"","_et_pb_old_content":"","_et_gb_content_width":""},"product_brand":[],"product_cat":[43,44],"product_tag":[39,45,41,47,48,49],"class_list":{"0":"post-654","1":"product","2":"type-product","3":"status-publish","4":"has-post-thumbnail","6":"product_cat-planta","7":"product_cat-suculenta","8":"product_tag-com-vaso","9":"product_tag-exterior","10":"product_tag-interior","11":"product_tag-muito-sol","12":"product_tag-pouca-rega","13":"product_tag-tamanho-medio","15":"first","16":"instock","17":"sale","18":"featured","19":"shipping-taxable","20":"purchasable","21":"product-type-simple"},"acf":[],"jetpack-related-posts":[],"jetpack_sharing_enabled":true,"_links":{"self":[{"href":"https:\/\/pensecre.org\/en\/wp-json\/wp\/v2\/product\/654","targetHints":{"allow":["GET"]}}],"collection":[{"href":"https:\/\/pensecre.org\/en\/wp-json\/wp\/v2\/product"}],"about":[{"href":"https:\/\/pensecre.org\/en\/wp-json\/wp\/v2\/types\/product"}],"replies":[{"embeddable":true,"href":"https:\/\/pensecre.org\/en\/wp-json\/wp\/v2\/comments?post=654"}],"wp:featuredmedia":[{"embeddable":true,"href":"https:\/\/pensecre.org\/en\/wp-json\/wp\/v2\/media\/679"}],"wp:attachment":[{"href":"https:\/\/pensecre.org\/en\/wp-json\/wp\/v2\/media?parent=654"}],"wp:term":[{"taxonomy":"product_brand","embeddable":true,"href":"https:\/\/pensecre.org\/en\/wp-json\/wp\/v2\/product_brand?post=654"},{"taxonomy":"product_cat","embeddable":true,"href":"https:\/\/pensecre.org\/en\/wp-json\/wp\/v2\/product_cat?post=654"},{"taxonomy":"product_tag","embeddable":true,"href":"https:\/\/pensecre.org\/en\/wp-json\/wp\/v2\/product_tag?post=654"}],"curies":[{"name":"wp","href":"https:\/\/api.w.org\/{rel}","templated":true}]}}