{"id":684,"date":"2021-01-30T20:07:25","date_gmt":"2021-01-30T23:07:25","guid":{"rendered":"https:\/\/pensecre.org\/?post_type=product&#038;p=684"},"modified":"2021-05-03T00:34:22","modified_gmt":"2021-05-03T03:34:22","slug":"planta-espada-pequena","status":"publish","type":"product","link":"https:\/\/pensecre.org\/en\/product\/planta-espada-pequena\/","title":{"rendered":"Planta Espada"},"content":{"rendered":"<p>A Planta Espada \u00e9 uma esp\u00e9cie herb\u00e1cea, origin\u00e1ria da XXX, tamb\u00e9m conhecida por espada-de-s\u00e3o-jorge, espada-de-santa-b\u00e1rbara, espada-de-ians\u00e3, l\u00edngua-de-sogra, rabo-de-lagarto, e cientificamente por Sansevieria trifasciata ou Dracaena trifasciata. \u00c9 uma esp\u00e9cie suculenta, com folhagem e flores. Ela \u00e9 de f\u00e1cil cultivo, tanto para jardineiros iniciantes como para aqueles de final de semana.<\/p>\n<p>Floresce no XXX, com XXX, de cor branca ou rosa. Os frutos que se seguem s\u00e3o do tipo XXX, com pequenas XXX.<\/p>\n<p>&nbsp;<\/p>","protected":false},"excerpt":{"rendered":"<p>A Planta Espada \u00e9 uma esp\u00e9cie herb\u00e1cea, origin\u00e1ria da XXX, tamb\u00e9m conhecida por espada-de-s\u00e3o-jorge, espada-de-santa-b\u00e1rbara, espada-de-ians\u00e3, l\u00edngua-de-sogra, rabo-de-lagarto, e cientificamente por Sansevieria trifasciata ou Dracaena trifasciata. \u00c9 uma esp\u00e9cie suculenta, com folhagem e flores. Ela \u00e9 de f\u00e1cil cultivo, tanto para jardineiros iniciantes como para aqueles de final de semana. Floresce no XXX, com XXX, [&hellip;]<\/p>\n","protected":false},"featured_media":689,"comment_status":"open","ping_status":"closed","template":"","meta":{"_acf_changed":false,"_et_pb_use_builder":"","_et_pb_old_content":"","_et_gb_content_width":""},"product_brand":[],"product_cat":[50,43],"product_tag":[39,45,41,47,40,48],"class_list":{"0":"post-684","1":"product","2":"type-product","3":"status-publish","4":"has-post-thumbnail","6":"product_cat-herbacea","7":"product_cat-planta","8":"product_tag-com-vaso","9":"product_tag-exterior","10":"product_tag-interior","11":"product_tag-muito-sol","12":"product_tag-pequena","13":"product_tag-pouca-rega","15":"first","16":"instock","17":"shipping-taxable","18":"purchasable","19":"product-type-simple"},"acf":[],"jetpack-related-posts":[],"jetpack_sharing_enabled":true,"_links":{"self":[{"href":"https:\/\/pensecre.org\/en\/wp-json\/wp\/v2\/product\/684","targetHints":{"allow":["GET"]}}],"collection":[{"href":"https:\/\/pensecre.org\/en\/wp-json\/wp\/v2\/product"}],"about":[{"href":"https:\/\/pensecre.org\/en\/wp-json\/wp\/v2\/types\/product"}],"replies":[{"embeddable":true,"href":"https:\/\/pensecre.org\/en\/wp-json\/wp\/v2\/comments?post=684"}],"wp:featuredmedia":[{"embeddable":true,"href":"https:\/\/pensecre.org\/en\/wp-json\/wp\/v2\/media\/689"}],"wp:attachment":[{"href":"https:\/\/pensecre.org\/en\/wp-json\/wp\/v2\/media?parent=684"}],"wp:term":[{"taxonomy":"product_brand","embeddable":true,"href":"https:\/\/pensecre.org\/en\/wp-json\/wp\/v2\/product_brand?post=684"},{"taxonomy":"product_cat","embeddable":true,"href":"https:\/\/pensecre.org\/en\/wp-json\/wp\/v2\/product_cat?post=684"},{"taxonomy":"product_tag","embeddable":true,"href":"https:\/\/pensecre.org\/en\/wp-json\/wp\/v2\/product_tag?post=684"}],"curies":[{"name":"wp","href":"https:\/\/api.w.org\/{rel}","templated":true}]}}